{"id":47,"date":"2022-01-26T16:10:43","date_gmt":"2022-01-26T19:10:43","guid":{"rendered":"https:\/\/observatorio.al.gov.br\/index.php\/our-breads\/"},"modified":"2023-05-10T17:26:06","modified_gmt":"2023-05-10T20:26:06","slug":"sobre","status":"publish","type":"page","link":"https:\/\/observatorio.al.gov.br\/?page_id=47","title":{"rendered":"Sobre"},"content":{"rendered":"\t\t<div data-elementor-type=\"wp-page\" data-elementor-id=\"47\" class=\"elementor elementor-47\">\n\t\t\t\t\t\t\t\t\t<section class=\"elementor-section elementor-top-section elementor-element elementor-element-7c9f496a elementor-section-full_width elementor-section-height-min-height elementor-section-height-default elementor-section-items-middle\" data-id=\"7c9f496a\" data-element_type=\"section\" data-settings=\"{&quot;background_background&quot;:&quot;slideshow&quot;,&quot;background_slideshow_gallery&quot;:[{&quot;id&quot;:6850,&quot;url&quot;:&quot;https:\\\/\\\/observatorio.al.gov.br\\\/wp-content\\\/uploads\\\/2022\\\/11\\\/banner-SOBRE-1.png&quot;}],&quot;background_slideshow_loop&quot;:&quot;yes&quot;,&quot;background_slideshow_slide_duration&quot;:5000,&quot;background_slideshow_slide_transition&quot;:&quot;fade&quot;,&quot;background_slideshow_transition_duration&quot;:500}\">\n\t\t\t\t\t\t<div class=\"elementor-container elementor-column-gap-default\">\n\t\t\t\t\t<div class=\"elementor-column elementor-col-100 elementor-top-column elementor-element elementor-element-dc2302e\" data-id=\"dc2302e\" data-element_type=\"column\" data-settings=\"{&quot;background_background&quot;:&quot;classic&quot;}\">\n\t\t\t<div class=\"elementor-widget-wrap\">\n\t\t\t\t\t\t\t\t\t<\/div>\n\t\t<\/div>\n\t\t\t\t\t\t\t<\/div>\n\t\t<\/section>\n\t\t\t\t<section class=\"elementor-section elementor-top-section elementor-element elementor-element-41db553 elementor-section-boxed elementor-section-height-default elementor-section-height-default\" data-id=\"41db553\" data-element_type=\"section\">\n\t\t\t\t\t\t<div class=\"elementor-container elementor-column-gap-default\">\n\t\t\t\t\t<div class=\"elementor-column elementor-col-100 elementor-top-column elementor-element elementor-element-bc6716c\" data-id=\"bc6716c\" data-element_type=\"column\">\n\t\t\t<div class=\"elementor-widget-wrap elementor-element-populated\">\n\t\t\t\t\t\t\t\t<div class=\"elementor-element elementor-element-d13de7c elementor-widget elementor-widget-spacer\" data-id=\"d13de7c\" data-element_type=\"widget\" data-widget_type=\"spacer.default\">\n\t\t\t\t<div class=\"elementor-widget-container\">\n\t\t\t<style>\/*! elementor - v3.16.0 - 14-09-2023 *\/\n.elementor-column .elementor-spacer-inner{height:var(--spacer-size)}.e-con{--container-widget-width:100%}.e-con-inner>.elementor-widget-spacer,.e-con>.elementor-widget-spacer{width:var(--container-widget-width,var(--spacer-size));--align-self:var(--container-widget-align-self,initial);--flex-shrink:0}.e-con-inner>.elementor-widget-spacer>.elementor-widget-container,.e-con>.elementor-widget-spacer>.elementor-widget-container{height:100%;width:100%}.e-con-inner>.elementor-widget-spacer>.elementor-widget-container>.elementor-spacer,.e-con>.elementor-widget-spacer>.elementor-widget-container>.elementor-spacer{height:100%}.e-con-inner>.elementor-widget-spacer>.elementor-widget-container>.elementor-spacer>.elementor-spacer-inner,.e-con>.elementor-widget-spacer>.elementor-widget-container>.elementor-spacer>.elementor-spacer-inner{height:var(--container-widget-height,var(--spacer-size))}.e-con-inner>.elementor-widget-spacer.elementor-widget-empty,.e-con>.elementor-widget-spacer.elementor-widget-empty{position:relative;min-height:22px;min-width:22px}.e-con-inner>.elementor-widget-spacer.elementor-widget-empty .elementor-widget-empty-icon,.e-con>.elementor-widget-spacer.elementor-widget-empty .elementor-widget-empty-icon{position:absolute;top:0;bottom:0;left:0;right:0;margin:auto;padding:0;width:22px;height:22px}<\/style>\t\t<div class=\"elementor-spacer\">\n\t\t\t<div class=\"elementor-spacer-inner\"><\/div>\n\t\t<\/div>\n\t\t\t\t<\/div>\n\t\t\t\t<\/div>\n\t\t\t\t\t<\/div>\n\t\t<\/div>\n\t\t\t\t\t\t\t<\/div>\n\t\t<\/section>\n\t\t\t\t<section class=\"elementor-section elementor-top-section elementor-element elementor-element-2b187d3 elementor-section-boxed elementor-section-height-default elementor-section-height-default\" data-id=\"2b187d3\" data-element_type=\"section\">\n\t\t\t\t\t\t<div class=\"elementor-container elementor-column-gap-default\">\n\t\t\t\t\t<div class=\"elementor-column elementor-col-100 elementor-top-column elementor-element elementor-element-15ddd1a\" data-id=\"15ddd1a\" data-element_type=\"column\">\n\t\t\t<div class=\"elementor-widget-wrap\">\n\t\t\t\t\t\t\t\t\t<\/div>\n\t\t<\/div>\n\t\t\t\t\t\t\t<\/div>\n\t\t<\/section>\n\t\t\t\t<section class=\"elementor-section elementor-top-section elementor-element elementor-element-63834eb elementor-section-boxed elementor-section-height-default elementor-section-height-default\" data-id=\"63834eb\" data-element_type=\"section\">\n\t\t\t\t\t\t<div class=\"elementor-container elementor-column-gap-default\">\n\t\t\t\t\t<div class=\"elementor-column elementor-col-100 elementor-top-column elementor-element elementor-element-be4f630\" data-id=\"be4f630\" data-element_type=\"column\">\n\t\t\t<div class=\"elementor-widget-wrap\">\n\t\t\t\t\t\t\t\t\t<\/div>\n\t\t<\/div>\n\t\t\t\t\t\t\t<\/div>\n\t\t<\/section>\n\t\t\t\t<section class=\"elementor-section elementor-top-section elementor-element elementor-element-901b049 elementor-section-boxed elementor-section-height-default elementor-section-height-default\" data-id=\"901b049\" data-element_type=\"section\">\n\t\t\t\t\t\t<div class=\"elementor-container elementor-column-gap-default\">\n\t\t\t\t\t<div class=\"elementor-column elementor-col-100 elementor-top-column elementor-element elementor-element-e692ae8\" data-id=\"e692ae8\" data-element_type=\"column\">\n\t\t\t<div class=\"elementor-widget-wrap elementor-element-populated\">\n\t\t\t\t\t\t\t\t<div class=\"elementor-element elementor-element-b3fcfff elementor-invisible elementor-widget elementor-widget-image\" data-id=\"b3fcfff\" data-element_type=\"widget\" data-settings=\"{&quot;_animation&quot;:&quot;fadeIn&quot;}\" data-widget_type=\"image.default\">\n\t\t\t\t<div class=\"elementor-widget-container\">\n\t\t\t<style>\/*! elementor - v3.16.0 - 14-09-2023 *\/\n.elementor-widget-image{text-align:center}.elementor-widget-image a{display:inline-block}.elementor-widget-image a img[src$=\".svg\"]{width:48px}.elementor-widget-image img{vertical-align:middle;display:inline-block}<\/style>\t\t\t\t\t\t\t\t\t\t\t\t<img loading=\"lazy\" decoding=\"async\" width=\"4880\" height=\"935\" src=\"https:\/\/observatorio.al.gov.br\/wp-content\/uploads\/2023\/04\/MicrosoftTeams-image-59.png\" class=\"attachment-full size-full wp-image-8099\" alt=\"\" srcset=\"https:\/\/observatorio.al.gov.br\/wp-content\/uploads\/2023\/04\/MicrosoftTeams-image-59.png 4880w, https:\/\/observatorio.al.gov.br\/wp-content\/uploads\/2023\/04\/MicrosoftTeams-image-59-300x57.png 300w, https:\/\/observatorio.al.gov.br\/wp-content\/uploads\/2023\/04\/MicrosoftTeams-image-59-1024x196.png 1024w, https:\/\/observatorio.al.gov.br\/wp-content\/uploads\/2023\/04\/MicrosoftTeams-image-59-768x147.png 768w, https:\/\/observatorio.al.gov.br\/wp-content\/uploads\/2023\/04\/MicrosoftTeams-image-59-1536x294.png 1536w, https:\/\/observatorio.al.gov.br\/wp-content\/uploads\/2023\/04\/MicrosoftTeams-image-59-2048x392.png 2048w\" sizes=\"auto, (max-width: 4880px) 100vw, 4880px\" \/>\t\t\t\t\t\t\t\t\t\t\t\t\t\t\t<\/div>\n\t\t\t\t<\/div>\n\t\t\t\t<div class=\"elementor-element elementor-element-ab7fed0 elementor-widget elementor-widget-text-editor\" data-id=\"ab7fed0\" data-element_type=\"widget\" data-widget_type=\"text-editor.default\">\n\t\t\t\t<div class=\"elementor-widget-container\">\n\t\t\t<style>\/*! elementor - v3.16.0 - 14-09-2023 *\/\n.elementor-widget-text-editor.elementor-drop-cap-view-stacked .elementor-drop-cap{background-color:#69727d;color:#fff}.elementor-widget-text-editor.elementor-drop-cap-view-framed .elementor-drop-cap{color:#69727d;border:3px solid;background-color:transparent}.elementor-widget-text-editor:not(.elementor-drop-cap-view-default) .elementor-drop-cap{margin-top:8px}.elementor-widget-text-editor:not(.elementor-drop-cap-view-default) .elementor-drop-cap-letter{width:1em;height:1em}.elementor-widget-text-editor .elementor-drop-cap{float:left;text-align:center;line-height:1;font-size:50px}.elementor-widget-text-editor .elementor-drop-cap-letter{display:inline-block}<\/style>\t\t\t\t<p><span style=\"color: #1572b9; text-align: justify; white-space: pre-wrap;\">O Observat\u00f3rio de Pol\u00edticas P\u00fablicas de Alagoas, iniciativa do Governo de Alagoas em parceria com o ONU-Habitat, \u00e9 uma estrat\u00e9gia de localiza\u00e7\u00e3o dos Objetivos de Desenvolvimento Sustent\u00e1vel (ODS) com foco no monitoramento dos 102 munic\u00edpios do estado.<\/span><\/p>\n<p><span style=\"color: #1572b9; text-align: justify; white-space: pre-wrap;\">A estrat\u00e9gia foi desenvolvida em resposta \u00e0 falta de dados atualizados e desagregados em n\u00edvel municipal que pudessem apoiar o monitoramento de indicadores para o desenvolvimento de pol\u00edticas baseadas em evid\u00eancias e em uma tomada de decis\u00f5es mais transparente. Al\u00e9m do impacto nas pol\u00edticas p\u00fablicas, a estrat\u00e9gia visa promover o acesso aberto aos dados e estimular a participa\u00e7\u00e3o cidad\u00e3 na constru\u00e7\u00e3o e monitoramento de programas e projetos. <\/span><\/p>\n<p><span style=\"color: #1572b9; text-align: justify; white-space: pre-wrap;\">A plataforma est\u00e1 se constituindo como um f\u00f3rum permanente, inovador e sustent\u00e1vel de acesso e fiscaliza\u00e7\u00e3o de dados p\u00fablicos, com uma plataforma digital composta por uma matriz de indicadores relacionados aos ODS. <\/span><br style=\"color: #1572b9; text-align: justify; white-space: pre-wrap;\"><br style=\"color: #1572b9; text-align: justify; white-space: pre-wrap;\"><span style=\"color: #1572b9; text-align: justify; white-space: pre-wrap;\">No \u00e2mbito do Observat\u00f3rio, ser\u00e3o executadas medidas t\u00e9cnicas voltadas \u00e0 redu\u00e7\u00e3o das desigualdades, melhoria de indicadores e promo\u00e7\u00e3o do desenvolvimento sustent\u00e1vel em Alagoas, no formato de relat\u00f3rios transversais e an\u00e1lises tem\u00e1ticas.<\/span><span style=\"color: #1572b9; text-align: justify; white-space: pre-wrap;\"><br><\/span><\/p>\t\t\t\t\t\t<\/div>\n\t\t\t\t<\/div>\n\t\t\t\t\t<\/div>\n\t\t<\/div>\n\t\t\t\t\t\t\t<\/div>\n\t\t<\/section>\n\t\t\t\t<section class=\"elementor-section elementor-top-section elementor-element elementor-element-ac98ea9 elementor-section-boxed elementor-section-height-default elementor-section-height-default\" data-id=\"ac98ea9\" data-element_type=\"section\">\n\t\t\t\t\t\t<div class=\"elementor-container elementor-column-gap-default\">\n\t\t\t\t\t<div class=\"elementor-column elementor-col-100 elementor-top-column elementor-element elementor-element-ddfe963\" data-id=\"ddfe963\" data-element_type=\"column\">\n\t\t\t<div class=\"elementor-widget-wrap elementor-element-populated\">\n\t\t\t\t\t\t\t\t<div class=\"elementor-element elementor-element-2b56b01 elementor-invisible elementor-widget elementor-widget-image\" data-id=\"2b56b01\" data-element_type=\"widget\" data-settings=\"{&quot;_animation&quot;:&quot;fadeIn&quot;}\" data-widget_type=\"image.default\">\n\t\t\t\t<div class=\"elementor-widget-container\">\n\t\t\t\t\t\t\t\t\t\t\t\t\t\t\t<img loading=\"lazy\" decoding=\"async\" width=\"768\" height=\"147\" src=\"https:\/\/observatorio.al.gov.br\/wp-content\/uploads\/2023\/04\/MicrosoftTeams-image-58-768x147.png\" class=\"attachment-medium_large size-medium_large wp-image-8100\" alt=\"\" srcset=\"https:\/\/observatorio.al.gov.br\/wp-content\/uploads\/2023\/04\/MicrosoftTeams-image-58-768x147.png 768w, https:\/\/observatorio.al.gov.br\/wp-content\/uploads\/2023\/04\/MicrosoftTeams-image-58-300x57.png 300w, https:\/\/observatorio.al.gov.br\/wp-content\/uploads\/2023\/04\/MicrosoftTeams-image-58-1024x196.png 1024w, https:\/\/observatorio.al.gov.br\/wp-content\/uploads\/2023\/04\/MicrosoftTeams-image-58-1536x294.png 1536w, https:\/\/observatorio.al.gov.br\/wp-content\/uploads\/2023\/04\/MicrosoftTeams-image-58-2048x392.png 2048w\" sizes=\"auto, (max-width: 768px) 100vw, 768px\" \/>\t\t\t\t\t\t\t\t\t\t\t\t\t\t\t<\/div>\n\t\t\t\t<\/div>\n\t\t\t\t<div class=\"elementor-element elementor-element-5029e15 elementor-widget__width-auto elementor-widget elementor-widget-heading\" data-id=\"5029e15\" data-element_type=\"widget\" data-widget_type=\"heading.default\">\n\t\t\t\t<div class=\"elementor-widget-container\">\n\t\t\t<style>\/*! elementor - v3.16.0 - 14-09-2023 *\/\n.elementor-heading-title{padding:0;margin:0;line-height:1}.elementor-widget-heading .elementor-heading-title[class*=elementor-size-]>a{color:inherit;font-size:inherit;line-height:inherit}.elementor-widget-heading .elementor-heading-title.elementor-size-small{font-size:15px}.elementor-widget-heading .elementor-heading-title.elementor-size-medium{font-size:19px}.elementor-widget-heading .elementor-heading-title.elementor-size-large{font-size:29px}.elementor-widget-heading .elementor-heading-title.elementor-size-xl{font-size:39px}.elementor-widget-heading .elementor-heading-title.elementor-size-xxl{font-size:59px}<\/style><h6 class=\"elementor-heading-title elementor-size-default\">Esperamos que o Observat\u00f3rio possa desenvolver suas v\u00e1rias potencialidades diretamente ligadas ao alcance das metas nacionais da Agenda 2030, como estabelecer mecanismos permanentes de monitoramento dos ODS e indicadores urbanos, promover o uso de dados na formula\u00e7\u00e3o de pol\u00edticas em n\u00edvel municipal e estadual, fortalecer a presta\u00e7\u00e3o de contas e a transpar\u00eancia, e fomentar a apropria\u00e7\u00e3o local e uma cultura de monitoramento e avalia\u00e7\u00e3o.<\/h6>\t\t<\/div>\n\t\t\t\t<\/div>\n\t\t\t\t<div class=\"elementor-element elementor-element-2eb6612 elementor-widget elementor-widget-spacer\" data-id=\"2eb6612\" data-element_type=\"widget\" data-widget_type=\"spacer.default\">\n\t\t\t\t<div class=\"elementor-widget-container\">\n\t\t\t\t\t<div class=\"elementor-spacer\">\n\t\t\t<div class=\"elementor-spacer-inner\"><\/div>\n\t\t<\/div>\n\t\t\t\t<\/div>\n\t\t\t\t<\/div>\n\t\t\t\t\t<\/div>\n\t\t<\/div>\n\t\t\t\t\t\t\t<\/div>\n\t\t<\/section>\n\t\t\t\t<section class=\"elementor-section elementor-top-section elementor-element elementor-element-16c4936 elementor-section-boxed elementor-section-height-default elementor-section-height-default\" data-id=\"16c4936\" data-element_type=\"section\">\n\t\t\t\t\t\t<div class=\"elementor-container elementor-column-gap-default\">\n\t\t\t\t\t<div class=\"elementor-column elementor-col-100 elementor-top-column elementor-element elementor-element-64551ce\" data-id=\"64551ce\" data-element_type=\"column\">\n\t\t\t<div class=\"elementor-widget-wrap elementor-element-populated\">\n\t\t\t\t\t\t\t\t<div class=\"elementor-element elementor-element-c17ed41 elementor-widget elementor-widget-spacer\" data-id=\"c17ed41\" data-element_type=\"widget\" data-widget_type=\"spacer.default\">\n\t\t\t\t<div class=\"elementor-widget-container\">\n\t\t\t\t\t<div class=\"elementor-spacer\">\n\t\t\t<div class=\"elementor-spacer-inner\"><\/div>\n\t\t<\/div>\n\t\t\t\t<\/div>\n\t\t\t\t<\/div>\n\t\t\t\t\t<\/div>\n\t\t<\/div>\n\t\t\t\t\t\t\t<\/div>\n\t\t<\/section>\n\t\t\t\t\t\t\t<\/div>\n\t\t","protected":false},"excerpt":{"rendered":"<p>O Observat\u00f3rio de Pol\u00edticas P\u00fablicas de Alagoas, iniciativa do Governo de Alagoas em parceria com o ONU-Habitat, \u00e9 uma estrat\u00e9gia de localiza\u00e7\u00e3o dos Objetivos de Desenvolvimento Sustent\u00e1vel (ODS) com foco no monitoramento dos 102 munic\u00edpios do estado. A estrat\u00e9gia foi desenvolvida em resposta \u00e0 falta de dados atualizados e desagregados em n\u00edvel municipal que pudessem [&hellip;]<\/p>\n","protected":false},"author":1,"featured_media":0,"parent":0,"menu_order":0,"comment_status":"closed","ping_status":"closed","template":"","meta":{"footnotes":""},"class_list":["post-47","page","type-page","status-publish","hentry"],"_links":{"self":[{"href":"https:\/\/observatorio.al.gov.br\/index.php?rest_route=\/wp\/v2\/pages\/47","targetHints":{"allow":["GET"]}}],"collection":[{"href":"https:\/\/observatorio.al.gov.br\/index.php?rest_route=\/wp\/v2\/pages"}],"about":[{"href":"https:\/\/observatorio.al.gov.br\/index.php?rest_route=\/wp\/v2\/types\/page"}],"author":[{"embeddable":true,"href":"https:\/\/observatorio.al.gov.br\/index.php?rest_route=\/wp\/v2\/users\/1"}],"replies":[{"embeddable":true,"href":"https:\/\/observatorio.al.gov.br\/index.php?rest_route=%2Fwp%2Fv2%2Fcomments&post=47"}],"version-history":[{"count":176,"href":"https:\/\/observatorio.al.gov.br\/index.php?rest_route=\/wp\/v2\/pages\/47\/revisions"}],"predecessor-version":[{"id":8152,"href":"https:\/\/observatorio.al.gov.br\/index.php?rest_route=\/wp\/v2\/pages\/47\/revisions\/8152"}],"wp:attachment":[{"href":"https:\/\/observatorio.al.gov.br\/index.php?rest_route=%2Fwp%2Fv2%2Fmedia&parent=47"}],"curies":[{"name":"wp","href":"https:\/\/api.w.org\/{rel}","templated":true}]}}